{"id":8,"date":"2024-07-21T14:48:44","date_gmt":"2024-07-21T14:48:44","guid":{"rendered":"https:\/\/pro-beiz.ch\/?page_id=8"},"modified":"2026-01-25T17:27:48","modified_gmt":"2026-01-25T17:27:48","slug":"wer","status":"publish","type":"page","link":"https:\/\/pro-beiz.ch\/?page_id=8","title":{"rendered":"Vorstand"},"content":{"rendered":"\n<div class=\"wp-block-columns is-layout-flex wp-container-core-columns-is-layout-9d6595d7 wp-block-columns-is-layout-flex\">\n<div class=\"wp-block-column is-layout-flow wp-block-column-is-layout-flow\" style=\"flex-basis:33.33%\">\n<figure class=\"wp-block-image size-large is-resized\"><img loading=\"lazy\" decoding=\"async\" width=\"768\" height=\"1024\" src=\"https:\/\/pro-beiz.ch\/wp-content\/uploads\/2026\/01\/WhatsApp-Image-2025-12-23-at-07.05.42-768x1024.jpeg\" alt=\"\" class=\"wp-image-151\" style=\"width:227px;height:auto\" srcset=\"https:\/\/pro-beiz.ch\/wp-content\/uploads\/2026\/01\/WhatsApp-Image-2025-12-23-at-07.05.42-768x1024.jpeg 768w, https:\/\/pro-beiz.ch\/wp-content\/uploads\/2026\/01\/WhatsApp-Image-2025-12-23-at-07.05.42-225x300.jpeg 225w, https:\/\/pro-beiz.ch\/wp-content\/uploads\/2026\/01\/WhatsApp-Image-2025-12-23-at-07.05.42-1152x1536.jpeg 1152w, https:\/\/pro-beiz.ch\/wp-content\/uploads\/2026\/01\/WhatsApp-Image-2025-12-23-at-07.05.42.jpeg 1200w\" sizes=\"auto, (max-width: 768px) 100vw, 768px\" \/><\/figure>\n<\/div>\n\n\n\n<div class=\"wp-block-column is-layout-flow wp-block-column-is-layout-flow\" style=\"flex-basis:66.66%\">\n<p><strong><span style=\"text-decoration: underline;\">Pr\u00e4sident<\/span><\/strong><\/p>\n\n\n\n<p>Flurin Capaul<\/p>\n\n\n\n<p>info@capaul.ch<\/p>\n\n\n\n<p>Lieblingsbeiz: Brasserie Le Cardinal Neuch\u00e2tel<\/p>\n<\/div>\n<\/div>\n\n\n\n<div class=\"wp-block-columns is-layout-flex wp-container-core-columns-is-layout-9d6595d7 wp-block-columns-is-layout-flex\">\n<div class=\"wp-block-column is-layout-flow wp-block-column-is-layout-flow\" style=\"flex-basis:33.33%\">\n<figure class=\"wp-block-image size-large is-resized\"><img loading=\"lazy\" decoding=\"async\" width=\"768\" height=\"1024\" src=\"https:\/\/pro-beiz.ch\/wp-content\/uploads\/2026\/01\/WhatsApp-Image-2025-12-23-at-07.05.42-3-768x1024.jpeg\" alt=\"\" class=\"wp-image-152\" style=\"width:223px;height:auto\" srcset=\"https:\/\/pro-beiz.ch\/wp-content\/uploads\/2026\/01\/WhatsApp-Image-2025-12-23-at-07.05.42-3-768x1023.jpeg 768w, https:\/\/pro-beiz.ch\/wp-content\/uploads\/2026\/01\/WhatsApp-Image-2025-12-23-at-07.05.42-3-225x300.jpeg 225w, https:\/\/pro-beiz.ch\/wp-content\/uploads\/2026\/01\/WhatsApp-Image-2025-12-23-at-07.05.42-3-1153x1536.jpeg 1153w, https:\/\/pro-beiz.ch\/wp-content\/uploads\/2026\/01\/WhatsApp-Image-2025-12-23-at-07.05.42-3.jpeg 1200w\" sizes=\"auto, (max-width: 768px) 100vw, 768px\" \/><\/figure>\n<\/div>\n\n\n\n<div class=\"wp-block-column is-layout-flow wp-block-column-is-layout-flow\" style=\"flex-basis:66.66%\">\n<p><strong><span style=\"text-decoration: underline;\">Vizepr\u00e4sident<\/span><\/strong><\/p>\n\n\n\n<p>George Twerenbold<\/p>\n\n\n\n<p>gt@genusstour.ch<\/p>\n\n\n\n<p>Lieblingsbeiz: Geheim<\/p>\n<\/div>\n<\/div>\n\n\n\n<div class=\"wp-block-columns is-layout-flex wp-container-core-columns-is-layout-9d6595d7 wp-block-columns-is-layout-flex\">\n<div class=\"wp-block-column is-layout-flow wp-block-column-is-layout-flow\" style=\"flex-basis:33.33%\">\n<figure class=\"wp-block-image size-large is-resized\"><img loading=\"lazy\" decoding=\"async\" width=\"768\" height=\"1024\" src=\"https:\/\/pro-beiz.ch\/wp-content\/uploads\/2026\/01\/WhatsApp-Image-2025-12-23-at-07.05.41-768x1024.jpeg\" alt=\"\" class=\"wp-image-153\" style=\"width:219px;height:auto\" srcset=\"https:\/\/pro-beiz.ch\/wp-content\/uploads\/2026\/01\/WhatsApp-Image-2025-12-23-at-07.05.41-768x1024.jpeg 768w, https:\/\/pro-beiz.ch\/wp-content\/uploads\/2026\/01\/WhatsApp-Image-2025-12-23-at-07.05.41-225x300.jpeg 225w, https:\/\/pro-beiz.ch\/wp-content\/uploads\/2026\/01\/WhatsApp-Image-2025-12-23-at-07.05.41-1152x1536.jpeg 1152w, https:\/\/pro-beiz.ch\/wp-content\/uploads\/2026\/01\/WhatsApp-Image-2025-12-23-at-07.05.41.jpeg 1200w\" sizes=\"auto, (max-width: 768px) 100vw, 768px\" \/><\/figure>\n<\/div>\n\n\n\n<div class=\"wp-block-column is-layout-flow wp-block-column-is-layout-flow\" style=\"flex-basis:66.66%\">\n<p><strong><span style=\"text-decoration: underline;\">Ressort Kommunikation<\/span><\/strong><\/p>\n\n\n\n<p>Marleina Capaul<\/p>\n\n\n\n<p>marleina.capaul@bluewin.ch<\/p>\n\n\n\n<p>Lieblingsbeiz: Obere Fl\u00fchgasse, Z\u00fcrich<\/p>\n<\/div>\n<\/div>\n\n\n\n<div class=\"wp-block-columns is-layout-flex wp-container-core-columns-is-layout-9d6595d7 wp-block-columns-is-layout-flex\">\n<div class=\"wp-block-column is-layout-flow wp-block-column-is-layout-flow\" style=\"flex-basis:33.33%\">\n<figure class=\"wp-block-image size-large is-resized\"><img loading=\"lazy\" decoding=\"async\" width=\"768\" height=\"1024\" src=\"https:\/\/pro-beiz.ch\/wp-content\/uploads\/2026\/01\/WhatsApp-Image-2025-12-23-at-07.05.41-2-768x1024.jpeg\" alt=\"\" class=\"wp-image-154\" style=\"width:214px;height:auto\" srcset=\"https:\/\/pro-beiz.ch\/wp-content\/uploads\/2026\/01\/WhatsApp-Image-2025-12-23-at-07.05.41-2-768x1024.jpeg 768w, https:\/\/pro-beiz.ch\/wp-content\/uploads\/2026\/01\/WhatsApp-Image-2025-12-23-at-07.05.41-2-225x300.jpeg 225w, https:\/\/pro-beiz.ch\/wp-content\/uploads\/2026\/01\/WhatsApp-Image-2025-12-23-at-07.05.41-2-1152x1536.jpeg 1152w, https:\/\/pro-beiz.ch\/wp-content\/uploads\/2026\/01\/WhatsApp-Image-2025-12-23-at-07.05.41-2.jpeg 1200w\" sizes=\"auto, (max-width: 768px) 100vw, 768px\" \/><\/figure>\n<\/div>\n\n\n\n<div class=\"wp-block-column is-layout-flow wp-block-column-is-layout-flow\" style=\"flex-basis:66.66%\">\n<p><strong><span style=\"text-decoration: underline;\">Ressort Finanzen<\/span><\/strong><\/p>\n\n\n\n<p>Alexander J\u00e4ger<\/p>\n\n\n\n<p>alexanderdavidjaeger@gmail.com<\/p>\n\n\n\n<p>Lieblingsbeiz: Brasserie Federal, Z\u00fcrich<\/p>\n<\/div>\n<\/div>\n\n\n\n<div class=\"wp-block-columns is-layout-flex wp-container-core-columns-is-layout-9d6595d7 wp-block-columns-is-layout-flex\">\n<div class=\"wp-block-column is-layout-flow wp-block-column-is-layout-flow\" style=\"flex-basis:33.33%\">\n<figure class=\"wp-block-image size-large is-resized\"><img loading=\"lazy\" decoding=\"async\" width=\"768\" height=\"1024\" src=\"https:\/\/pro-beiz.ch\/wp-content\/uploads\/2026\/01\/WhatsApp-Image-2025-12-23-at-07.05.41-1-768x1024.jpeg\" alt=\"\" class=\"wp-image-155\" style=\"width:212px;height:auto\" srcset=\"https:\/\/pro-beiz.ch\/wp-content\/uploads\/2026\/01\/WhatsApp-Image-2025-12-23-at-07.05.41-1-768x1024.jpeg 768w, https:\/\/pro-beiz.ch\/wp-content\/uploads\/2026\/01\/WhatsApp-Image-2025-12-23-at-07.05.41-1-225x300.jpeg 225w, https:\/\/pro-beiz.ch\/wp-content\/uploads\/2026\/01\/WhatsApp-Image-2025-12-23-at-07.05.41-1-1152x1536.jpeg 1152w, https:\/\/pro-beiz.ch\/wp-content\/uploads\/2026\/01\/WhatsApp-Image-2025-12-23-at-07.05.41-1.jpeg 1200w\" sizes=\"auto, (max-width: 768px) 100vw, 768px\" \/><\/figure>\n<\/div>\n\n\n\n<div class=\"wp-block-column is-layout-flow wp-block-column-is-layout-flow\" style=\"flex-basis:66.66%\">\n<p><strong><span style=\"text-decoration: underline;\">Ressort Mitglieder<\/span><\/strong><\/p>\n\n\n\n<p>Gian Gartmann<\/p>\n\n\n\n<p>gian.gartmann@gmx.ch<\/p>\n\n\n\n<p>Lieblingsbeiz: Restaurant Neum\u00fcnster, Z\u00fcrich<\/p>\n<\/div>\n<\/div>\n\n\n\n<p><\/p>\n\n\n\n<p><\/p>\n\n\n\n<p><\/p>\n\n\n\n<p><\/p>\n\n\n\n<p><strong>Idee zur Gr\u00fcndung<\/strong>:<br><\/p>\n\n\n<div class=\"wp-block-image\">\n<figure class=\"aligncenter size-full is-resized\"><img loading=\"lazy\" decoding=\"async\" width=\"2560\" height=\"1704\" src=\"https:\/\/pro-beiz.ch\/wp-content\/uploads\/2024\/07\/Flurin-Beiz-scaled.jpg\" alt=\"\" class=\"wp-image-82\" style=\"width:425px;height:auto\" srcset=\"https:\/\/pro-beiz.ch\/wp-content\/uploads\/2024\/07\/Flurin-Beiz-scaled.jpg 2560w, https:\/\/pro-beiz.ch\/wp-content\/uploads\/2024\/07\/Flurin-Beiz-300x200.jpg 300w, https:\/\/pro-beiz.ch\/wp-content\/uploads\/2024\/07\/Flurin-Beiz-1024x682.jpg 1024w, https:\/\/pro-beiz.ch\/wp-content\/uploads\/2024\/07\/Flurin-Beiz-768x511.jpg 768w, https:\/\/pro-beiz.ch\/wp-content\/uploads\/2024\/07\/Flurin-Beiz-1536x1022.jpg 1536w, https:\/\/pro-beiz.ch\/wp-content\/uploads\/2024\/07\/Flurin-Beiz-2048x1363.jpg 2048w\" sizes=\"auto, (max-width: 2560px) 100vw, 2560px\" \/><figcaption class=\"wp-element-caption\">(C) GENUSSHELDEN 2023\/2024<\/figcaption><\/figure>\n<\/div>\n\n\n<p>Bis jetzt bin ich noch alleine &#8211; aber das Ziel ist es, bis im September 2024 einen Verein zu gr\u00fcnden.<\/p>\n\n\n\n<p>Ich bin alt genug, dass ich schon viele (tolle) Beizen habe verschwinden sehen, aber zu jung um einfach tatenlos zuzusehen.<\/p>\n\n\n\n<p>Die Idee f\u00fcr Pro Beiz kam mir spontan nachdem das Kornhaus am Limmatplatz (Ende der Langstrasse) im Z\u00fcrcher Kreis 5 f\u00fcr immer geschlossen hatte. Was eine eher spontane Idee war, liess mir keine Ruhe, bis auf mich auf einmal mehrere Leute darauf ansprachen &#8211; nun ist&#8217;s Zeit:<br><br><a href=\"https:\/\/www.facebook.com\/flurin.capaul.14\/posts\/pfbid0FXd7nS9yxZvSzcM8b37JWpwt9skYbWPGe2NSV4ynWHwnvuZu6tqVr7EHeoZKc1QQl\">Erster Facebook Post zur Idee <\/a><br><\/p>\n\n\n\n<p>Herzlich<\/p>\n\n\n\n<p>Flurin Capaul &#8211; 8055 Z\u00fcrich &#8211; info@capaul.ch<br><br>20 Personen haben sich dazu eingefunden und Pro Beiz gegr\u00fcndet. Die Statuten sind <a href=\"https:\/\/pro-beiz.ch\/wp-content\/uploads\/2024\/09\/Statuten_V1.4.pdf\" data-type=\"link\" data-id=\"https:\/\/pro-beiz.ch\/wp-content\/uploads\/2024\/09\/Statuten_V1.4.pdf\">hier<\/a> einsehbar.<\/p>\n","protected":false},"excerpt":{"rendered":"<p>Pr\u00e4sident Flurin Capaul info@capaul.ch Lieblingsbeiz: Brasserie Le Cardinal Neuch\u00e2tel Vizepr\u00e4sident George Twerenbold gt@genusstour.ch Lieblingsbeiz: Geheim Ressort Kommunikation Marleina Capaul marleina.capaul@bluewin.ch Lieblingsbeiz: Obere Fl\u00fchgasse, Z\u00fcrich Ressort Finanzen Alexander J\u00e4ger alexanderdavidjaeger@gmail.com Lieblingsbeiz: Brasserie Federal, Z\u00fcrich Ressort Mitglieder Gian Gartmann gian.gartmann@gmx.ch Lieblingsbeiz: Restaurant Neum\u00fcnster, Z\u00fcrich Idee zur Gr\u00fcndung: Bis jetzt bin ich noch alleine &#8211; aber das Ziel [&hellip;]<\/p>\n","protected":false},"author":1,"featured_media":0,"parent":0,"menu_order":0,"comment_status":"closed","ping_status":"closed","template":"","meta":{"footnotes":""},"class_list":["post-8","page","type-page","status-publish","hentry"],"_links":{"self":[{"href":"https:\/\/pro-beiz.ch\/index.php?rest_route=\/wp\/v2\/pages\/8","targetHints":{"allow":["GET"]}}],"collection":[{"href":"https:\/\/pro-beiz.ch\/index.php?rest_route=\/wp\/v2\/pages"}],"about":[{"href":"https:\/\/pro-beiz.ch\/index.php?rest_route=\/wp\/v2\/types\/page"}],"author":[{"embeddable":true,"href":"https:\/\/pro-beiz.ch\/index.php?rest_route=\/wp\/v2\/users\/1"}],"replies":[{"embeddable":true,"href":"https:\/\/pro-beiz.ch\/index.php?rest_route=%2Fwp%2Fv2%2Fcomments&post=8"}],"version-history":[{"count":35,"href":"https:\/\/pro-beiz.ch\/index.php?rest_route=\/wp\/v2\/pages\/8\/revisions"}],"predecessor-version":[{"id":172,"href":"https:\/\/pro-beiz.ch\/index.php?rest_route=\/wp\/v2\/pages\/8\/revisions\/172"}],"wp:attachment":[{"href":"https:\/\/pro-beiz.ch\/index.php?rest_route=%2Fwp%2Fv2%2Fmedia&parent=8"}],"curies":[{"name":"wp","href":"https:\/\/api.w.org\/{rel}","templated":true}]}}