{"id":93,"date":"2024-09-08T14:00:16","date_gmt":"2024-09-08T14:00:16","guid":{"rendered":"https:\/\/pro-beiz.ch\/?page_id=93"},"modified":"2024-09-08T14:01:02","modified_gmt":"2024-09-08T14:01:02","slug":"was-2","status":"publish","type":"page","link":"https:\/\/pro-beiz.ch\/?page_id=93","title":{"rendered":"Wie?"},"content":{"rendered":"\n<p>Pro Beiz verschreibt sich der F\u00f6rderung und Bewahrung der schweizerischen Beizenkultur.<\/p>\n\n\n\n<p>Um dieses Ziel zu erreichen haben wir f\u00fcnf zentrale Aufgaben definiert und in den <a href=\"https:\/\/pro-beiz.ch\/wp-content\/uploads\/2024\/09\/Statuten_V1.4.pdf\">Statuten<\/a> festgehalten:<br><\/p>\n\n\n\n<p><strong>Liebe zur Beiz zeigen:<\/strong><\/p>\n\n\n\n<p>Besuch m\u00f6glichst vieler Beizen durch die einzelnen Mitglieder oder im Kollektiv<\/p>\n\n\n\n<p><strong>Was ist eine Beiz<\/strong>:<\/p>\n\n\n\n<p>Pflege eines Kriterienkatalogs zwecks Definition, was eine gute Beiz ausmacht<\/p>\n\n\n\n<p><strong>Beizen bekannt machen:<\/strong><\/p>\n\n\n\n<p>F\u00fchren eines Verzeichnisses\u00a0 qualifizierter Schweizer Beizen<\/p>\n\n\n\n<p><strong>Beiz des Jahres<\/strong>:<\/p>\n\n\n\n<p>Verleihung eines Preises an die \u00abBeiz des Jahres\u00bb (welche nicht Mitglied von Pro Beiz sein darf); die Generalversammlung vergibt den Preis, Nominationen sind an den Vorstand zu richten<\/p>\n\n\n\n<p><strong>Merci sagen:<\/strong><\/p>\n\n\n\n<p>Zeigen von Wertsch\u00e4tzung f\u00fcr die Mitarbeitenden der Gastronomie<\/p>\n\n\n\n<ol class=\"wp-block-list\"><\/ol>\n","protected":false},"excerpt":{"rendered":"<p>Pro Beiz verschreibt sich der F\u00f6rderung und Bewahrung der schweizerischen Beizenkultur. Um dieses Ziel zu erreichen haben wir f\u00fcnf zentrale Aufgaben definiert und in den Statuten festgehalten: Liebe zur Beiz zeigen: Besuch m\u00f6glichst vieler Beizen durch die einzelnen Mitglieder oder im Kollektiv Was ist eine Beiz: Pflege eines Kriterienkatalogs zwecks Definition, was eine gute Beiz [&hellip;]<\/p>\n","protected":false},"author":1,"featured_media":0,"parent":0,"menu_order":0,"comment_status":"closed","ping_status":"closed","template":"","meta":{"footnotes":""},"class_list":["post-93","page","type-page","status-publish","hentry"],"_links":{"self":[{"href":"https:\/\/pro-beiz.ch\/index.php?rest_route=\/wp\/v2\/pages\/93","targetHints":{"allow":["GET"]}}],"collection":[{"href":"https:\/\/pro-beiz.ch\/index.php?rest_route=\/wp\/v2\/pages"}],"about":[{"href":"https:\/\/pro-beiz.ch\/index.php?rest_route=\/wp\/v2\/types\/page"}],"author":[{"embeddable":true,"href":"https:\/\/pro-beiz.ch\/index.php?rest_route=\/wp\/v2\/users\/1"}],"replies":[{"embeddable":true,"href":"https:\/\/pro-beiz.ch\/index.php?rest_route=%2Fwp%2Fv2%2Fcomments&post=93"}],"version-history":[{"count":3,"href":"https:\/\/pro-beiz.ch\/index.php?rest_route=\/wp\/v2\/pages\/93\/revisions"}],"predecessor-version":[{"id":97,"href":"https:\/\/pro-beiz.ch\/index.php?rest_route=\/wp\/v2\/pages\/93\/revisions\/97"}],"wp:attachment":[{"href":"https:\/\/pro-beiz.ch\/index.php?rest_route=%2Fwp%2Fv2%2Fmedia&parent=93"}],"curies":[{"name":"wp","href":"https:\/\/api.w.org\/{rel}","templated":true}]}}